{"id":319,"date":"2021-01-24T10:13:27","date_gmt":"2021-01-24T10:13:27","guid":{"rendered":"https:\/\/www.hochrheinjournal-wt.de\/?page_id=319"},"modified":"2021-01-24T10:27:32","modified_gmt":"2021-01-24T10:27:32","slug":"datenschutzerklaerung","status":"publish","type":"page","link":"https:\/\/hochrheinjournal-wt.de\/?page_id=319","title":{"rendered":"Datenschutzerkl\u00e4rung"},"content":{"rendered":"\n<p>Dieter \u00a0Sch\u00e4uble\u00a0 <\/p>\n\n\n\n<p>Dieters Fotos<\/p>\n\n\n\n<p>Hochrheinjournal<\/p>\n\n\n\n<p>79787 Lauchringen<\/p>\n\n\n\n<p><br>B\u00fcndtenweg 1<\/p>\n\n\n\n<p>Telefon: 07742 808 893<\/p>\n\n\n\n<p>Handy: 0172 708 3817<\/p>\n\n\n\n<p>Fax: 07741 967 1399<\/p>\n\n\n\n<p>E-Mail:&nbsp;<a href=\"mailto:dieterschaeuble@aol.com\">dieterschaeuble@aol.com<\/a><\/p>\n\n\n\n<p>Gesch\u00e4ftsf\u00fchrer: Dieter Sch\u00e4uble<\/p>\n\n\n\n<p>Firmensitz: Lauchringen<\/p>\n\n\n\n<p>Gerichtsstand: Waldshut<\/p>\n\n\n\n<p>IHK Hochrhein-Bodensee Nr. 244911<\/p>\n\n\n\n<p>Umsatzsteuer-Identifikationsnummer:DE232463159<\/p>\n\n\n\n<p>1Wir sind Mitglied beim BDFJ Bundesvereinigung der Fachjournalisten e.V. und im Besitz eines entsprechenden Presseausweises.Die von uns ver\u00f6ffentlichten und verwendeten Grafiken und Bilder sind urheberrechtlich gesch\u00fctzt. Partyfotos d\u00fcrfen f\u00fcr private Zwecke und in sozialen Netzwerken genutzt werden, solange der Urheber mit angegeben wird. Jede sonstige Verwendung bedarf unserer schriftlichen Zustimmung.Auch bei der Ver\u00f6ffentlichung von Fotos im Internet halten wir uns streng an die geltenden Gesetze. So bestimmt \u00a7 22 des Kunsturheberrechtsgesetz (KUG), dass Bildnisse nur mit Einwilligung des Abgebildeten verbreitet oder \u00f6ffentlich zur Schau gestellt werden d\u00fcrfen. Diese Einwilligung kann auch durch ein entsprechendes Handeln des Abgebildeten gegeben werden: Wer sich auf ein Bild dr\u00e4ngt, oder vor die Kamera stellt erkl\u00e4rt damit bereits sein Einverst\u00e4ndnis mit der Ver\u00f6ffentlichung! Unabh\u00e4ngig davon verliert nach \u00a723 des KUG jeder Teilnehmer oder Besucher einer \u00f6ffentlichen Veranstaltung das ihm sonst zustehende Recht am eigenen Bild gem\u00e4\u00df \u00a722 KUG.&nbsp;\u00a723 schr\u00e4nkt dieses Recht insofern ein, in dem es dort hei\u00dft:\u201cOhne die nach&nbsp;\u00a7 22 erforderliche Einwilligung d\u00fcrfen verbreitet und zur Schau gestellt werden: Bildnisse aus dem Bereiche der Zeitgeschichte; Bilder, auf denen die Personen nur als Beiwerk neben einer Landschaft oder sonstigen \u00d6rtlichkeit erscheinen; Bilder von Versammlungen, Aufz\u00fcgen und \u00e4hnlichen Vorg\u00e4ngen, an denen die dargestellten Personen teilgenommen haben.\u201dAlle Veranstaltungsbilder von Fotografen des Hochrheinjournal wurden auf \u00f6ffentlichen Veranstaltungen gemacht. Eine \u00f6ffentliche Veranstaltung ist, wenn Werbung oder Veranstaltungshinweise daf\u00fcr auf der Stra\u00dfe und\/oder in Medien stattfand.Gem\u00e4\u00df \u00a794 des Urheberrechtsgesetzes, hat der Filmhersteller das ausschlie\u00dfliche Recht, den Bildtr\u00e4ger oder Bild- und Tontr\u00e4ger, auf den das Filmwerk aufgenommen ist, zu vervielf\u00e4ltigen, zu verbreiten und zur \u00f6ffentlichen Vorf\u00fchrung oder Funksendung zu benutzen. \u2013 Dieses gilt auch f\u00fcr das Internet.Falls auf unserer Seite eine Bild ver\u00f6ffentlicht wurde, dass wieder entfernt werden soll, wende dich hierzu einfach \u00fcber unser&nbsp;<a href=\"https:\/\/www.partyamigo.de\/leistungen\/\">Kontaktformular<\/a>&nbsp;an uns und wir werden das entsprechende Bild selbstverst\u00e4ndlich schnellst m\u00f6glichst entfernen.&nbsp;StreitschlichtungDie Europ\u00e4ische Kommission stellt eine Plattform zur Online-Streitbeilegung (OS) bereit:&nbsp;<a href=\"https:\/\/ec.europa.eu\/consumers\/odr\" target=\"_blank\" rel=\"noreferrer noopener\">https:\/\/ec.europa.eu\/consumers\/odr<\/a>.<br>Unsere E-Mail-Adresse finden Sie oben im Impressum.Wir sind nicht bereit oder verpflichtet, an Streitbeilegungsverfahren vor einer Verbraucherschlichtungsstelle teilzunehmen.Haftung f\u00fcr InhalteAls Diensteanbieter sind wir gem\u00e4\u00df \u00a7 7 Abs.1 TMG f\u00fcr eigene Inhalte auf diesen Seiten nach den allgemeinen Gesetzen verantwortlich. Nach \u00a7\u00a7 8 bis 10 TMG sind wir als Diensteanbieter jedoch nicht verpflichtet, \u00fcbermittelte oder gespeicherte fremde Informationen zu \u00fcberwachen oder nach Umst\u00e4nden zu forschen, die auf eine rechtswidrige T\u00e4tigkeit hinweisen.Verpflichtungen zur Entfernung oder Sperrung der Nutzung von Informationen nach den allgemeinen Gesetzen bleiben hiervon unber\u00fchrt. Eine diesbez\u00fcgliche Haftung ist jedoch erst ab dem Zeitpunkt der Kenntnis einer konkreten Rechtsverletzung m\u00f6glich. Bei Bekanntwerden von entsprechenden Rechtsverletzungen werden wir diese Inhalte umgehend entfernen.Haftung f\u00fcr LinksUnser Angebot enth\u00e4lt Links zu externen Websites Dritter, auf deren Inhalte wir keinen Einfluss haben. Deshalb k\u00f6nnen wir f\u00fcr diese fremden Inhalte auch keine Gew\u00e4hr \u00fcbernehmen. F\u00fcr die Inhalte der verlinkten Seiten ist stets der jeweilige Anbieter oder Betreiber der Seiten verantwortlich. Die verlinkten Seiten wurden zum Zeitpunkt der Verlinkung auf m\u00f6gliche Rechtsverst\u00f6\u00dfe \u00fcberpr\u00fcft. Rechtswidrige Inhalte waren zum Zeitpunkt der Verlinkung nicht erkennbar.Eine permanente inhaltliche Kontrolle der verlinkten Seiten ist jedoch ohne konkrete Anhaltspunkte einer Rechtsverletzung nicht zumutbar. Bei Bekanntwerden von Rechtsverletzungen werden wir derartige Links umgehend entfernen.UrheberrechtDie durch die Seitenbetreiber erstellten Inhalte und Werke auf diesen Seiten unterliegen dem deutschen Urheberrecht. Die Vervielf\u00e4ltigung, Bearbeitung, Verbreitung und jede Art der Verwertung au\u00dferhalb der Grenzen des Urheberrechtes bed\u00fcrfen der schriftlichen Zustimmung des jeweiligen Autors bzw. Erstellers. Downloads und Kopien dieser Seite sind nur f\u00fcr den privaten, nicht kommerziellen Gebrauch gestattet.Soweit die Inhalte auf dieser Seite nicht vom Betreiber erstellt wurden, werden die Urheberrechte Dritter beachtet. Insbesondere werden Inhalte Dritter als solche gekennzeichnet. Sollten Sie trotzdem auf eine Urheberrechtsverletzung aufmerksam werden, bitten wir um einen entsprechenden Hinweis. Bei Bekanntwerden von Rechtsverletzungen werden wir derartige Inhalte umgehend entfernen.<\/p>\n","protected":false},"excerpt":{"rendered":"<p>Dieter \u00a0Sch\u00e4uble\u00a0 Dieters Fotos Hochrheinjournal 79787 Lauchringen B\u00fcndtenweg 1 Telefon: 07742 808 893 Handy: 0172 708 3817 Fax: 07741 967 1399 E-Mail:&nbsp;dieterschaeuble@aol.com Gesch\u00e4ftsf\u00fchrer: Dieter Sch\u00e4uble Firmensitz: Lauchringen Gerichtsstand: Waldshut IHK Hochrhein-Bodensee Nr. 244911 Umsatzsteuer-Identifikationsnummer:DE232463159 1Wir sind Mitglied beim BDFJ Bundesvereinigung der Fachjournalisten e.V. und im Besitz eines entsprechenden Presseausweises.Die von uns ver\u00f6ffentlichten und verwendeten Grafiken&#46;&#46;&#46;<\/p>\n","protected":false},"author":2,"featured_media":0,"parent":0,"menu_order":0,"comment_status":"closed","ping_status":"closed","template":"","meta":{"pgc_sgb_lightbox_settings":"","footnotes":""},"class_list":["post-319","page","type-page","status-publish","hentry"],"_links":{"self":[{"href":"https:\/\/hochrheinjournal-wt.de\/index.php?rest_route=\/wp\/v2\/pages\/319","targetHints":{"allow":["GET"]}}],"collection":[{"href":"https:\/\/hochrheinjournal-wt.de\/index.php?rest_route=\/wp\/v2\/pages"}],"about":[{"href":"https:\/\/hochrheinjournal-wt.de\/index.php?rest_route=\/wp\/v2\/types\/page"}],"author":[{"embeddable":true,"href":"https:\/\/hochrheinjournal-wt.de\/index.php?rest_route=\/wp\/v2\/users\/2"}],"replies":[{"embeddable":true,"href":"https:\/\/hochrheinjournal-wt.de\/index.php?rest_route=%2Fwp%2Fv2%2Fcomments&post=319"}],"version-history":[{"count":2,"href":"https:\/\/hochrheinjournal-wt.de\/index.php?rest_route=\/wp\/v2\/pages\/319\/revisions"}],"predecessor-version":[{"id":322,"href":"https:\/\/hochrheinjournal-wt.de\/index.php?rest_route=\/wp\/v2\/pages\/319\/revisions\/322"}],"wp:attachment":[{"href":"https:\/\/hochrheinjournal-wt.de\/index.php?rest_route=%2Fwp%2Fv2%2Fmedia&parent=319"}],"curies":[{"name":"wp","href":"https:\/\/api.w.org\/{rel}","templated":true}]}}